{"id":1831,"date":"2023-11-23T13:41:15","date_gmt":"2023-11-23T08:11:15","guid":{"rendered":"https:\/\/koshambh.com\/csr\/"},"modified":"2025-10-18T14:22:44","modified_gmt":"2025-10-18T08:52:44","slug":"csr","status":"publish","type":"page","link":"https:\/\/koshambh.com\/pt-br\/csr\/","title":{"rendered":"CSR"},"content":{"rendered":"","protected":false},"excerpt":{"rendered":"","protected":false},"author":1,"featured_media":0,"parent":0,"menu_order":0,"comment_status":"closed","ping_status":"closed","template":"","meta":{"_monsterinsights_skip_tracking":false,"_monsterinsights_sitenote_active":false,"_monsterinsights_sitenote_note":"","_monsterinsights_sitenote_category":0,"footnotes":""},"class_list":["post-1831","page","type-page","status-publish","hentry"],"yoast_head":"<!-- This site is optimized with the Yoast SEO plugin v23.6 - https:\/\/yoast.com\/wordpress\/plugins\/seo\/ -->\n<title>Iniciativas de Responsabilidade Social Corporativa (CSR) da Koshambh<\/title>\n<meta name=\"description\" content=\"Descubra as iniciativas de Responsabilidade Social Corporativa (CSR) da Koshambh focadas em pr\u00e1ticas de exporta\u00e7\u00e3o sustent\u00e1veis e no bem-estar da comunidade. Saiba como contribu\u00edmos para causas sociais e ambientais enquanto expandimos o com\u00e9rcio global.\" \/>\n<meta name=\"robots\" content=\"index, follow, max-snippet:-1, max-image-preview:large, max-video-preview:-1\" \/>\n<link rel=\"canonical\" href=\"https:\/\/koshambh.com\/pt-br\/csr\/\" \/>\n<meta property=\"og:locale\" content=\"pt_BR\" \/>\n<meta property=\"og:type\" content=\"article\" \/>\n<meta property=\"og:title\" content=\"Iniciativas de Responsabilidade Social Corporativa (CSR) da Koshambh\" \/>\n<meta property=\"og:description\" content=\"Descubra as iniciativas de Responsabilidade Social Corporativa (CSR) da Koshambh focadas em pr\u00e1ticas de exporta\u00e7\u00e3o sustent\u00e1veis e no bem-estar da comunidade. Saiba como contribu\u00edmos para causas sociais e ambientais enquanto expandimos o com\u00e9rcio global.\" \/>\n<meta property=\"og:url\" content=\"https:\/\/koshambh.com\/pt-br\/csr\/\" \/>\n<meta property=\"og:site_name\" content=\"Koshambh\" \/>\n<meta property=\"article:modified_time\" content=\"2025-10-18T08:52:44+00:00\" \/>\n<meta name=\"twitter:card\" content=\"summary_large_image\" \/>\n<script type=\"application\/ld+json\" class=\"yoast-schema-graph\">{\"@context\":\"https:\/\/schema.org\",\"@graph\":[{\"@type\":\"WebPage\",\"@id\":\"https:\/\/koshambh.com\/pt-br\/csr\/\",\"url\":\"https:\/\/koshambh.com\/pt-br\/csr\/\",\"name\":\"Iniciativas de Responsabilidade Social Corporativa (CSR) da Koshambh\",\"isPartOf\":{\"@id\":\"https:\/\/koshambh.com\/pt-br\/#website\"},\"datePublished\":\"2023-11-23T08:11:15+00:00\",\"dateModified\":\"2025-10-18T08:52:44+00:00\",\"description\":\"Descubra as iniciativas de Responsabilidade Social Corporativa (CSR) da Koshambh focadas em pr\u00e1ticas de exporta\u00e7\u00e3o sustent\u00e1veis e no bem-estar da comunidade. Saiba como contribu\u00edmos para causas sociais e ambientais enquanto expandimos o com\u00e9rcio global.\",\"breadcrumb\":{\"@id\":\"https:\/\/koshambh.com\/pt-br\/csr\/#breadcrumb\"},\"inLanguage\":\"pt-BR\",\"potentialAction\":[{\"@type\":\"ReadAction\",\"target\":[\"https:\/\/koshambh.com\/pt-br\/csr\/\"]}]},{\"@type\":\"BreadcrumbList\",\"@id\":\"https:\/\/koshambh.com\/pt-br\/csr\/#breadcrumb\",\"itemListElement\":[{\"@type\":\"ListItem\",\"position\":1,\"name\":\"Home\",\"item\":\"https:\/\/koshambh.com\/pt-br\/\"},{\"@type\":\"ListItem\",\"position\":2,\"name\":\"CSR\"}]},{\"@type\":\"WebSite\",\"@id\":\"https:\/\/koshambh.com\/pt-br\/#website\",\"url\":\"https:\/\/koshambh.com\/pt-br\/\",\"name\":\"Koshambh\",\"description\":\"\",\"potentialAction\":[{\"@type\":\"SearchAction\",\"target\":{\"@type\":\"EntryPoint\",\"urlTemplate\":\"https:\/\/koshambh.com\/pt-br\/?s={search_term_string}\"},\"query-input\":{\"@type\":\"PropertyValueSpecification\",\"valueRequired\":true,\"valueName\":\"search_term_string\"}}],\"inLanguage\":\"pt-BR\"}]}<\/script>\n<!-- \/ Yoast SEO plugin. -->","yoast_head_json":{"title":"Iniciativas de Responsabilidade Social Corporativa (CSR) da Koshambh","description":"Descubra as iniciativas de Responsabilidade Social Corporativa (CSR) da Koshambh focadas em pr\u00e1ticas de exporta\u00e7\u00e3o sustent\u00e1veis e no bem-estar da comunidade. Saiba como contribu\u00edmos para causas sociais e ambientais enquanto expandimos o com\u00e9rcio global.","robots":{"index":"index","follow":"follow","max-snippet":"max-snippet:-1","max-image-preview":"max-image-preview:large","max-video-preview":"max-video-preview:-1"},"canonical":"https:\/\/koshambh.com\/pt-br\/csr\/","og_locale":"pt_BR","og_type":"article","og_title":"Iniciativas de Responsabilidade Social Corporativa (CSR) da Koshambh","og_description":"Descubra as iniciativas de Responsabilidade Social Corporativa (CSR) da Koshambh focadas em pr\u00e1ticas de exporta\u00e7\u00e3o sustent\u00e1veis e no bem-estar da comunidade. Saiba como contribu\u00edmos para causas sociais e ambientais enquanto expandimos o com\u00e9rcio global.","og_url":"https:\/\/koshambh.com\/pt-br\/csr\/","og_site_name":"Koshambh","article_modified_time":"2025-10-18T08:52:44+00:00","twitter_card":"summary_large_image","schema":{"@context":"https:\/\/schema.org","@graph":[{"@type":"WebPage","@id":"https:\/\/koshambh.com\/pt-br\/csr\/","url":"https:\/\/koshambh.com\/pt-br\/csr\/","name":"Iniciativas de Responsabilidade Social Corporativa (CSR) da Koshambh","isPartOf":{"@id":"https:\/\/koshambh.com\/pt-br\/#website"},"datePublished":"2023-11-23T08:11:15+00:00","dateModified":"2025-10-18T08:52:44+00:00","description":"Descubra as iniciativas de Responsabilidade Social Corporativa (CSR) da Koshambh focadas em pr\u00e1ticas de exporta\u00e7\u00e3o sustent\u00e1veis e no bem-estar da comunidade. Saiba como contribu\u00edmos para causas sociais e ambientais enquanto expandimos o com\u00e9rcio global.","breadcrumb":{"@id":"https:\/\/koshambh.com\/pt-br\/csr\/#breadcrumb"},"inLanguage":"pt-BR","potentialAction":[{"@type":"ReadAction","target":["https:\/\/koshambh.com\/pt-br\/csr\/"]}]},{"@type":"BreadcrumbList","@id":"https:\/\/koshambh.com\/pt-br\/csr\/#breadcrumb","itemListElement":[{"@type":"ListItem","position":1,"name":"Home","item":"https:\/\/koshambh.com\/pt-br\/"},{"@type":"ListItem","position":2,"name":"CSR"}]},{"@type":"WebSite","@id":"https:\/\/koshambh.com\/pt-br\/#website","url":"https:\/\/koshambh.com\/pt-br\/","name":"Koshambh","description":"","potentialAction":[{"@type":"SearchAction","target":{"@type":"EntryPoint","urlTemplate":"https:\/\/koshambh.com\/pt-br\/?s={search_term_string}"},"query-input":{"@type":"PropertyValueSpecification","valueRequired":true,"valueName":"search_term_string"}}],"inLanguage":"pt-BR"}]}},"_links":{"self":[{"href":"https:\/\/koshambh.com\/pt-br\/wp-json\/wp\/v2\/pages\/1831","targetHints":{"allow":["GET"]}}],"collection":[{"href":"https:\/\/koshambh.com\/pt-br\/wp-json\/wp\/v2\/pages"}],"about":[{"href":"https:\/\/koshambh.com\/pt-br\/wp-json\/wp\/v2\/types\/page"}],"author":[{"embeddable":true,"href":"https:\/\/koshambh.com\/pt-br\/wp-json\/wp\/v2\/users\/1"}],"replies":[{"embeddable":true,"href":"https:\/\/koshambh.com\/pt-br\/wp-json\/wp\/v2\/comments?post=1831"}],"version-history":[{"count":4,"href":"https:\/\/koshambh.com\/pt-br\/wp-json\/wp\/v2\/pages\/1831\/revisions"}],"predecessor-version":[{"id":3193,"href":"https:\/\/koshambh.com\/pt-br\/wp-json\/wp\/v2\/pages\/1831\/revisions\/3193"}],"wp:attachment":[{"href":"https:\/\/koshambh.com\/pt-br\/wp-json\/wp\/v2\/media?parent=1831"}],"curies":[{"name":"wp","href":"https:\/\/api.w.org\/{rel}","templated":true}]}}